{"id":8,"date":"2022-01-25T10:03:39","date_gmt":"2022-01-25T09:03:39","guid":{"rendered":"https:\/\/cosyconfort.fr\/?page_id=8"},"modified":"2026-03-10T12:27:57","modified_gmt":"2026-03-10T11:27:57","slug":"contact","status":"publish","type":"page","link":"https:\/\/cosyconfort.fr\/?page_id=8","title":{"rendered":"Contact"},"content":{"rendered":"\t\t<div data-elementor-type=\"wp-page\" data-elementor-id=\"8\" class=\"elementor elementor-8\" data-elementor-post-type=\"page\">\n\t\t\t\t\t\t<section class=\"elementor-section elementor-top-section elementor-element elementor-element-15eb67b2 elementor-section-boxed elementor-section-height-default elementor-section-height-default\" data-id=\"15eb67b2\" data-element_type=\"section\" data-e-type=\"section\">\n\t\t\t\t\t\t<div class=\"elementor-container elementor-column-gap-default\">\n\t\t\t\t\t<div class=\"elementor-column elementor-col-100 elementor-top-column elementor-element elementor-element-129a5bf\" data-id=\"129a5bf\" data-element_type=\"column\" data-e-type=\"column\">\n\t\t\t<div class=\"elementor-widget-wrap elementor-element-populated\">\n\t\t\t\t\t\t<div class=\"elementor-element elementor-element-01ca221 elementor-widget elementor-widget-heading\" data-id=\"01ca221\" data-element_type=\"widget\" data-e-type=\"widget\" data-widget_type=\"heading.default\">\n\t\t\t\t<div class=\"elementor-widget-container\">\n\t\t\t\t\t<h2 class=\"elementor-heading-title elementor-size-default\">Un projet ? On en discute ensemble...<\/h2>\t\t\t\t<\/div>\n\t\t\t\t<\/div>\n\t\t\t\t\t<\/div>\n\t\t<\/div>\n\t\t\t\t\t<\/div>\n\t\t<\/section>\n\t\t\t\t<section class=\"elementor-section elementor-top-section elementor-element elementor-element-19b6c50c elementor-section-boxed elementor-section-height-default elementor-section-height-default\" data-id=\"19b6c50c\" data-element_type=\"section\" data-e-type=\"section\" data-settings=\"{&quot;background_background&quot;:&quot;classic&quot;,&quot;shape_divider_top&quot;:&quot;opacity-tilt&quot;}\">\n\t\t\t\t\t<div class=\"elementor-shape elementor-shape-top\" aria-hidden=\"true\" data-negative=\"false\">\n\t\t\t<svg xmlns=\"http:\/\/www.w3.org\/2000\/svg\" viewBox=\"0 0 2600 131.1\" preserveAspectRatio=\"none\">\n\t<path class=\"elementor-shape-fill\" d=\"M0 0L2600 0 2600 69.1 0 0z\"\/>\n\t<path class=\"elementor-shape-fill\" style=\"opacity:0.5\" d=\"M0 0L2600 0 2600 69.1 0 69.1z\"\/>\n\t<path class=\"elementor-shape-fill\" style=\"opacity:0.25\" d=\"M2600 0L0 0 0 130.1 2600 69.1z\"\/>\n<\/svg>\t\t<\/div>\n\t\t\t\t\t<div class=\"elementor-container elementor-column-gap-default\">\n\t\t\t\t\t<div class=\"elementor-column elementor-col-100 elementor-top-column elementor-element elementor-element-31684262\" data-id=\"31684262\" data-element_type=\"column\" data-e-type=\"column\">\n\t\t\t<div class=\"elementor-widget-wrap elementor-element-populated\">\n\t\t\t\t\t\t<div class=\"elementor-element elementor-element-425c7b19 elementor-button-align-center elementor-widget elementor-widget-form\" data-id=\"425c7b19\" data-element_type=\"widget\" data-e-type=\"widget\" data-settings=\"{&quot;step_next_label&quot;:&quot;Suivant&quot;,&quot;step_previous_label&quot;:&quot;Pr\\u00e9c\\u00e9dent&quot;,&quot;button_width&quot;:&quot;100&quot;,&quot;step_type&quot;:&quot;number_text&quot;,&quot;step_icon_shape&quot;:&quot;circle&quot;}\" data-widget_type=\"form.default\">\n\t\t\t\t<div class=\"elementor-widget-container\">\n\t\t\t\t\t\t\t<form class=\"elementor-form\" method=\"post\" id=\"formulaire_home\" name=\"Formulaire Home\" aria-label=\"Formulaire Home\">\n\t\t\t<input type=\"hidden\" name=\"post_id\" value=\"8\"\/>\n\t\t\t<input type=\"hidden\" name=\"form_id\" value=\"425c7b19\"\/>\n\t\t\t<input type=\"hidden\" name=\"referer_title\" value=\"Contact - Cosy Confort\" \/>\n\n\t\t\t\t\t\t\t<input type=\"hidden\" name=\"queried_id\" value=\"8\"\/>\n\t\t\t\n\t\t\t<div class=\"elementor-form-fields-wrapper elementor-labels-above\">\n\t\t\t\t\t\t\t\t<div class=\"elementor-field-type-text elementor-field-group elementor-column elementor-field-group-name elementor-col-50 elementor-field-required elementor-mark-required\">\n\t\t\t\t\t\t\t\t\t\t\t\t<label for=\"form-field-name\" class=\"elementor-field-label\">\n\t\t\t\t\t\t\t\tNom\t\t\t\t\t\t\t<\/label>\n\t\t\t\t\t\t\t\t\t\t\t\t\t\t<input size=\"1\" type=\"text\" name=\"form_fields[name]\" id=\"form-field-name\" class=\"elementor-field elementor-size-md  elementor-field-textual\" placeholder=\"Nom\" required=\"required\">\n\t\t\t\t\t\t\t\t\t\t\t<\/div>\n\t\t\t\t\t\t\t\t<div class=\"elementor-field-type-text elementor-field-group elementor-column elementor-field-group-field_b9e4edb elementor-col-50 elementor-field-required elementor-mark-required\">\n\t\t\t\t\t\t\t\t\t\t\t\t<label for=\"form-field-field_b9e4edb\" class=\"elementor-field-label\">\n\t\t\t\t\t\t\t\tPr\u00e9nom\t\t\t\t\t\t\t<\/label>\n\t\t\t\t\t\t\t\t\t\t\t\t\t\t<input size=\"1\" type=\"text\" name=\"form_fields[field_b9e4edb]\" id=\"form-field-field_b9e4edb\" class=\"elementor-field elementor-size-md  elementor-field-textual\" placeholder=\"Pr\u00e9nom\" required=\"required\">\n\t\t\t\t\t\t\t\t\t\t\t<\/div>\n\t\t\t\t\t\t\t\t<div class=\"elementor-field-type-email elementor-field-group elementor-column elementor-field-group-email elementor-col-50 elementor-field-required elementor-mark-required\">\n\t\t\t\t\t\t\t\t\t\t\t\t<label for=\"form-field-email\" class=\"elementor-field-label\">\n\t\t\t\t\t\t\t\tE-mail\t\t\t\t\t\t\t<\/label>\n\t\t\t\t\t\t\t\t\t\t\t\t\t\t<input size=\"1\" type=\"email\" name=\"form_fields[email]\" id=\"form-field-email\" class=\"elementor-field elementor-size-md  elementor-field-textual\" placeholder=\"E-mail\" required=\"required\">\n\t\t\t\t\t\t\t\t\t\t\t<\/div>\n\t\t\t\t\t\t\t\t<div class=\"elementor-field-type-tel elementor-field-group elementor-column elementor-field-group-field_e846470 elementor-col-50 elementor-field-required elementor-mark-required\">\n\t\t\t\t\t\t\t\t\t\t\t\t<label for=\"form-field-field_e846470\" class=\"elementor-field-label\">\n\t\t\t\t\t\t\t\tT\u00e9l\u00e9phone\t\t\t\t\t\t\t<\/label>\n\t\t\t\t\t\t\t\t<input size=\"1\" type=\"tel\" name=\"form_fields[field_e846470]\" id=\"form-field-field_e846470\" class=\"elementor-field elementor-size-md  elementor-field-textual\" placeholder=\"T\u00e9l\u00e9phone\" required=\"required\" pattern=\"[0-9()#&amp;+*-=.]+\" title=\"Seuls les caract\u00e8res de num\u00e9ros de t\u00e9l\u00e9phone (#, -, *, etc.) sont accept\u00e9s.\">\n\n\t\t\t\t\t\t<\/div>\n\t\t\t\t\t\t\t\t<div class=\"elementor-field-type-textarea elementor-field-group elementor-column elementor-field-group-message elementor-col-100 elementor-field-required elementor-mark-required\">\n\t\t\t\t\t\t\t\t\t\t\t\t<label for=\"form-field-message\" class=\"elementor-field-label\">\n\t\t\t\t\t\t\t\tD\u00e9crivez-nous votre projet\t\t\t\t\t\t\t<\/label>\n\t\t\t\t\t\t<textarea class=\"elementor-field-textual elementor-field  elementor-size-md\" name=\"form_fields[message]\" id=\"form-field-message\" rows=\"4\" placeholder=\"Message\" required=\"required\"><\/textarea>\t\t\t\t<\/div>\n\t\t\t\t\t\t\t\t<div class=\"elementor-field-type-recaptcha elementor-field-group elementor-column elementor-field-group-field_32ab3c0 elementor-col-100\">\n\t\t\t\t\t<div class=\"elementor-field\" id=\"form-field-field_32ab3c0\"><div class=\"elementor-g-recaptcha\" data-sitekey=\"6LegsGQpAAAAAAc4aKq2ZcZBK7nwZNUsMgRDuzux\" data-type=\"v2_checkbox\" data-theme=\"light\" data-size=\"normal\"><\/div><\/div>\t\t\t\t<\/div>\n\t\t\t\t\t\t\t\t<div class=\"elementor-field-group elementor-column elementor-field-type-submit elementor-col-100 e-form__buttons\">\n\t\t\t\t\t<button class=\"elementor-button elementor-size-sm\" type=\"submit\" id=\"bouton-formulaire-home\">\n\t\t\t\t\t\t<span class=\"elementor-button-content-wrapper\">\n\t\t\t\t\t\t\t\t\t\t\t\t\t\t\t\t\t\t\t\t\t\t<span class=\"elementor-button-text\">Envoyer<\/span>\n\t\t\t\t\t\t\t\t\t\t\t\t\t<\/span>\n\t\t\t\t\t<\/button>\n\t\t\t\t<\/div>\n\t\t\t<\/div>\n\t\t<\/form>\n\t\t\t\t\t\t<\/div>\n\t\t\t\t<\/div>\n\t\t\t\t<div class=\"elementor-element elementor-element-79ed7cc7 elementor-widget__width-initial elementor-absolute elementor-hidden-mobile elementor-invisible elementor-widget elementor-widget-image\" data-id=\"79ed7cc7\" data-element_type=\"widget\" data-e-type=\"widget\" data-settings=\"{&quot;_position&quot;:&quot;absolute&quot;,&quot;_animation&quot;:&quot;slideInLeft&quot;}\" data-widget_type=\"image.default\">\n\t\t\t\t<div class=\"elementor-widget-container\">\n\t\t\t\t\t\t\t\t\t\t\t\t\t\t\t<img decoding=\"async\" width=\"150\" height=\"150\" src=\"https:\/\/cosyconfort.fr\/wp-content\/uploads\/2022\/02\/Square_250px-150x150.png\" class=\"attachment-thumbnail size-thumbnail wp-image-79\" alt=\"\" srcset=\"https:\/\/cosyconfort.fr\/wp-content\/uploads\/2022\/02\/Square_250px-150x150.png 150w, https:\/\/cosyconfort.fr\/wp-content\/uploads\/2022\/02\/Square_250px.png 250w\" sizes=\"(max-width: 150px) 100vw, 150px\" \/>\t\t\t\t\t\t\t\t\t\t\t\t\t\t\t<\/div>\n\t\t\t\t<\/div>\n\t\t\t\t\t<\/div>\n\t\t<\/div>\n\t\t\t\t\t<\/div>\n\t\t<\/section>\n\t\t\t\t<\/div>\n\t\t","protected":false},"excerpt":{"rendered":"<p>Un projet ? On en discute ensemble&#8230;<\/p>\n","protected":false},"author":2,"featured_media":17,"parent":0,"menu_order":0,"comment_status":"closed","ping_status":"closed","template":"","meta":{"footnotes":""},"class_list":["post-8","page","type-page","status-publish","has-post-thumbnail","hentry"],"yoast_head":"<!-- This site is optimized with the Yoast SEO plugin v27.4 - https:\/\/yoast.com\/product\/yoast-seo-wordpress\/ -->\n<title>Contact - Cosy Confort<\/title>\n<meta name=\"description\" content=\"Pour toute demande d&#039;informations pour la pose de fen\u00eatre, pergolas, portes ou volets, n&#039;h\u00e9sitez pas \u00e0 nous contacter.\" \/>\n<meta name=\"robots\" content=\"index, follow, max-snippet:-1, max-image-preview:large, max-video-preview:-1\" \/>\n<link rel=\"canonical\" href=\"https:\/\/cosyconfort.fr\/?page_id=8\" \/>\n<meta property=\"og:locale\" content=\"fr_FR\" \/>\n<meta property=\"og:type\" content=\"article\" \/>\n<meta property=\"og:title\" content=\"Contact - Cosy Confort\" \/>\n<meta property=\"og:description\" content=\"Pour toute demande d&#039;informations pour la pose de fen\u00eatre, pergolas, portes ou volets, n&#039;h\u00e9sitez pas \u00e0 nous contacter.\" \/>\n<meta property=\"og:url\" content=\"https:\/\/cosyconfort.fr\/?page_id=8\" \/>\n<meta property=\"og:site_name\" content=\"Cosy Confort\" \/>\n<meta property=\"article:publisher\" content=\"https:\/\/www.facebook.com\/CosyConfort\" \/>\n<meta property=\"article:modified_time\" content=\"2026-03-10T11:27:57+00:00\" \/>\n<meta property=\"og:image\" content=\"https:\/\/cosyconfort.fr\/wp-content\/uploads\/2022\/01\/cropped-logo-rond-512.png\" \/>\n\t<meta property=\"og:image:width\" content=\"512\" \/>\n\t<meta property=\"og:image:height\" content=\"512\" \/>\n\t<meta property=\"og:image:type\" content=\"image\/png\" \/>\n<meta name=\"twitter:card\" content=\"summary_large_image\" \/>\n<meta name=\"twitter:label1\" content=\"Dur\u00e9e de lecture estim\u00e9e\" \/>\n\t<meta name=\"twitter:data1\" content=\"1 minute\" \/>\n<script type=\"application\/ld+json\" class=\"yoast-schema-graph\">{\"@context\":\"https:\\\/\\\/schema.org\",\"@graph\":[{\"@type\":\"WebPage\",\"@id\":\"https:\\\/\\\/cosyconfort.fr\\\/?page_id=8\",\"url\":\"https:\\\/\\\/cosyconfort.fr\\\/?page_id=8\",\"name\":\"Contact - Cosy Confort\",\"isPartOf\":{\"@id\":\"https:\\\/\\\/cosyconfort.fr\\\/#website\"},\"primaryImageOfPage\":{\"@id\":\"https:\\\/\\\/cosyconfort.fr\\\/?page_id=8#primaryimage\"},\"image\":{\"@id\":\"https:\\\/\\\/cosyconfort.fr\\\/?page_id=8#primaryimage\"},\"thumbnailUrl\":\"https:\\\/\\\/cosyconfort.fr\\\/wp-content\\\/uploads\\\/2022\\\/01\\\/cropped-logo-rond-512.png\",\"datePublished\":\"2022-01-25T09:03:39+00:00\",\"dateModified\":\"2026-03-10T11:27:57+00:00\",\"description\":\"Pour toute demande d'informations pour la pose de fen\u00eatre, pergolas, portes ou volets, n'h\u00e9sitez pas \u00e0 nous contacter.\",\"breadcrumb\":{\"@id\":\"https:\\\/\\\/cosyconfort.fr\\\/?page_id=8#breadcrumb\"},\"inLanguage\":\"fr-FR\",\"potentialAction\":[{\"@type\":\"ReadAction\",\"target\":[\"https:\\\/\\\/cosyconfort.fr\\\/?page_id=8\"]}]},{\"@type\":\"ImageObject\",\"inLanguage\":\"fr-FR\",\"@id\":\"https:\\\/\\\/cosyconfort.fr\\\/?page_id=8#primaryimage\",\"url\":\"https:\\\/\\\/cosyconfort.fr\\\/wp-content\\\/uploads\\\/2022\\\/01\\\/cropped-logo-rond-512.png\",\"contentUrl\":\"https:\\\/\\\/cosyconfort.fr\\\/wp-content\\\/uploads\\\/2022\\\/01\\\/cropped-logo-rond-512.png\",\"width\":512,\"height\":512},{\"@type\":\"BreadcrumbList\",\"@id\":\"https:\\\/\\\/cosyconfort.fr\\\/?page_id=8#breadcrumb\",\"itemListElement\":[{\"@type\":\"ListItem\",\"position\":1,\"name\":\"Accueil\",\"item\":\"https:\\\/\\\/cosyconfort.fr\\\/\"},{\"@type\":\"ListItem\",\"position\":2,\"name\":\"Contact\"}]},{\"@type\":\"WebSite\",\"@id\":\"https:\\\/\\\/cosyconfort.fr\\\/#website\",\"url\":\"https:\\\/\\\/cosyconfort.fr\\\/\",\"name\":\"Cosy Confort\",\"description\":\"Votre sp\u00e9cialiste en menuiseries de r\u00e9novation\",\"publisher\":{\"@id\":\"https:\\\/\\\/cosyconfort.fr\\\/#organization\"},\"potentialAction\":[{\"@type\":\"SearchAction\",\"target\":{\"@type\":\"EntryPoint\",\"urlTemplate\":\"https:\\\/\\\/cosyconfort.fr\\\/?s={search_term_string}\"},\"query-input\":{\"@type\":\"PropertyValueSpecification\",\"valueRequired\":true,\"valueName\":\"search_term_string\"}}],\"inLanguage\":\"fr-FR\"},{\"@type\":\"Organization\",\"@id\":\"https:\\\/\\\/cosyconfort.fr\\\/#organization\",\"name\":\"Cosy Confort\",\"url\":\"https:\\\/\\\/cosyconfort.fr\\\/\",\"logo\":{\"@type\":\"ImageObject\",\"inLanguage\":\"fr-FR\",\"@id\":\"https:\\\/\\\/cosyconfort.fr\\\/#\\\/schema\\\/logo\\\/image\\\/\",\"url\":\"https:\\\/\\\/cosyconfort.fr\\\/wp-content\\\/uploads\\\/2022\\\/01\\\/cropped-logo-rond-512.png\",\"contentUrl\":\"https:\\\/\\\/cosyconfort.fr\\\/wp-content\\\/uploads\\\/2022\\\/01\\\/cropped-logo-rond-512.png\",\"width\":512,\"height\":512,\"caption\":\"Cosy Confort\"},\"image\":{\"@id\":\"https:\\\/\\\/cosyconfort.fr\\\/#\\\/schema\\\/logo\\\/image\\\/\"},\"sameAs\":[\"https:\\\/\\\/www.facebook.com\\\/CosyConfort\",\"https:\\\/\\\/www.instagram.com\\\/cosyconfort\\\/\"]}]}<\/script>\n<!-- \/ Yoast SEO plugin. -->","yoast_head_json":{"title":"Contact - Cosy Confort","description":"Pour toute demande d'informations pour la pose de fen\u00eatre, pergolas, portes ou volets, n'h\u00e9sitez pas \u00e0 nous contacter.","robots":{"index":"index","follow":"follow","max-snippet":"max-snippet:-1","max-image-preview":"max-image-preview:large","max-video-preview":"max-video-preview:-1"},"canonical":"https:\/\/cosyconfort.fr\/?page_id=8","og_locale":"fr_FR","og_type":"article","og_title":"Contact - Cosy Confort","og_description":"Pour toute demande d'informations pour la pose de fen\u00eatre, pergolas, portes ou volets, n'h\u00e9sitez pas \u00e0 nous contacter.","og_url":"https:\/\/cosyconfort.fr\/?page_id=8","og_site_name":"Cosy Confort","article_publisher":"https:\/\/www.facebook.com\/CosyConfort","article_modified_time":"2026-03-10T11:27:57+00:00","og_image":[{"width":512,"height":512,"url":"https:\/\/cosyconfort.fr\/wp-content\/uploads\/2022\/01\/cropped-logo-rond-512.png","type":"image\/png"}],"twitter_card":"summary_large_image","twitter_misc":{"Dur\u00e9e de lecture estim\u00e9e":"1 minute"},"schema":{"@context":"https:\/\/schema.org","@graph":[{"@type":"WebPage","@id":"https:\/\/cosyconfort.fr\/?page_id=8","url":"https:\/\/cosyconfort.fr\/?page_id=8","name":"Contact - Cosy Confort","isPartOf":{"@id":"https:\/\/cosyconfort.fr\/#website"},"primaryImageOfPage":{"@id":"https:\/\/cosyconfort.fr\/?page_id=8#primaryimage"},"image":{"@id":"https:\/\/cosyconfort.fr\/?page_id=8#primaryimage"},"thumbnailUrl":"https:\/\/cosyconfort.fr\/wp-content\/uploads\/2022\/01\/cropped-logo-rond-512.png","datePublished":"2022-01-25T09:03:39+00:00","dateModified":"2026-03-10T11:27:57+00:00","description":"Pour toute demande d'informations pour la pose de fen\u00eatre, pergolas, portes ou volets, n'h\u00e9sitez pas \u00e0 nous contacter.","breadcrumb":{"@id":"https:\/\/cosyconfort.fr\/?page_id=8#breadcrumb"},"inLanguage":"fr-FR","potentialAction":[{"@type":"ReadAction","target":["https:\/\/cosyconfort.fr\/?page_id=8"]}]},{"@type":"ImageObject","inLanguage":"fr-FR","@id":"https:\/\/cosyconfort.fr\/?page_id=8#primaryimage","url":"https:\/\/cosyconfort.fr\/wp-content\/uploads\/2022\/01\/cropped-logo-rond-512.png","contentUrl":"https:\/\/cosyconfort.fr\/wp-content\/uploads\/2022\/01\/cropped-logo-rond-512.png","width":512,"height":512},{"@type":"BreadcrumbList","@id":"https:\/\/cosyconfort.fr\/?page_id=8#breadcrumb","itemListElement":[{"@type":"ListItem","position":1,"name":"Accueil","item":"https:\/\/cosyconfort.fr\/"},{"@type":"ListItem","position":2,"name":"Contact"}]},{"@type":"WebSite","@id":"https:\/\/cosyconfort.fr\/#website","url":"https:\/\/cosyconfort.fr\/","name":"Cosy Confort","description":"Votre sp\u00e9cialiste en menuiseries de r\u00e9novation","publisher":{"@id":"https:\/\/cosyconfort.fr\/#organization"},"potentialAction":[{"@type":"SearchAction","target":{"@type":"EntryPoint","urlTemplate":"https:\/\/cosyconfort.fr\/?s={search_term_string}"},"query-input":{"@type":"PropertyValueSpecification","valueRequired":true,"valueName":"search_term_string"}}],"inLanguage":"fr-FR"},{"@type":"Organization","@id":"https:\/\/cosyconfort.fr\/#organization","name":"Cosy Confort","url":"https:\/\/cosyconfort.fr\/","logo":{"@type":"ImageObject","inLanguage":"fr-FR","@id":"https:\/\/cosyconfort.fr\/#\/schema\/logo\/image\/","url":"https:\/\/cosyconfort.fr\/wp-content\/uploads\/2022\/01\/cropped-logo-rond-512.png","contentUrl":"https:\/\/cosyconfort.fr\/wp-content\/uploads\/2022\/01\/cropped-logo-rond-512.png","width":512,"height":512,"caption":"Cosy Confort"},"image":{"@id":"https:\/\/cosyconfort.fr\/#\/schema\/logo\/image\/"},"sameAs":["https:\/\/www.facebook.com\/CosyConfort","https:\/\/www.instagram.com\/cosyconfort\/"]}]}},"_links":{"self":[{"href":"https:\/\/cosyconfort.fr\/index.php?rest_route=\/wp\/v2\/pages\/8","targetHints":{"allow":["GET"]}}],"collection":[{"href":"https:\/\/cosyconfort.fr\/index.php?rest_route=\/wp\/v2\/pages"}],"about":[{"href":"https:\/\/cosyconfort.fr\/index.php?rest_route=\/wp\/v2\/types\/page"}],"author":[{"embeddable":true,"href":"https:\/\/cosyconfort.fr\/index.php?rest_route=\/wp\/v2\/users\/2"}],"replies":[{"embeddable":true,"href":"https:\/\/cosyconfort.fr\/index.php?rest_route=%2Fwp%2Fv2%2Fcomments&post=8"}],"version-history":[{"count":14,"href":"https:\/\/cosyconfort.fr\/index.php?rest_route=\/wp\/v2\/pages\/8\/revisions"}],"predecessor-version":[{"id":1015,"href":"https:\/\/cosyconfort.fr\/index.php?rest_route=\/wp\/v2\/pages\/8\/revisions\/1015"}],"wp:featuredmedia":[{"embeddable":true,"href":"https:\/\/cosyconfort.fr\/index.php?rest_route=\/wp\/v2\/media\/17"}],"wp:attachment":[{"href":"https:\/\/cosyconfort.fr\/index.php?rest_route=%2Fwp%2Fv2%2Fmedia&parent=8"}],"curies":[{"name":"wp","href":"https:\/\/api.w.org\/{rel}","templated":true}]}}